{"id":2601,"date":"2025-11-06T13:53:15","date_gmt":"2025-11-06T11:53:15","guid":{"rendered":"https:\/\/bongiorno.eu\/product\/home-fragrance-zagaro-design-iii-100-ml\/"},"modified":"2025-11-19T10:39:48","modified_gmt":"2025-11-19T08:39:48","slug":"home-fragrance-zagaro-design-iii-100-ml","status":"publish","type":"product","link":"https:\/\/bongiorno.eu\/fr\/produit\/home-fragrance-zagaro-design-iii-100-ml\/","title":{"rendered":"Home fragrance Zagaro &#8211; design III &#8211; 100 ml"},"content":{"rendered":"<p>\u00a0<\/p>\n<p>\u00a0<\/p>\n","protected":false},"excerpt":{"rendered":"<p data-start=\"274\" data-end=\"574\"><strong>Bongiorno en bouteille<\/strong><\/p>\n<p>Zagaro est plus qu&rsquo;un parfum, c&rsquo;est un souvenir. Celui des douces soir\u00e9es d&rsquo;\u00e9t\u00e9 sur une terrasse sicilienne, entour\u00e9e d&rsquo;orangers et de citronniers en fleurs. L\u00e9ger, frais et irr\u00e9sistible. Une seule inspiration suffit pour vous transporter sous le soleil du sud de l&rsquo;Italie, berc\u00e9 par le murmure du cr\u00e9puscule. \u00c0 l&rsquo;image de nos liqueurs, ce parfum est n\u00e9 d&rsquo;un amour profond pour l&rsquo;Italie. Pour ses couleurs, ses senteurs, pour la vie elle-m\u00eame.     <\/p>\n<p data-start=\"683\" data-end=\"767\">Zagaro n&rsquo;est pas un parfum d&rsquo;int\u00e9rieur ordinaire, mais une petite touche de vacances au quotidien.<\/p>\n<p data-start=\"769\" data-end=\"1017\">Chaque flacon de parfum est orn\u00e9 d&rsquo;un bouchon peint \u00e0 la main, confectionn\u00e9 dans un atelier sicilien. Pr\u00e9sent\u00e9 dans un \u00e9l\u00e9gant coffret cadeau, il contient 6 b\u00e2tonnets noirs.<br data-start=\"933\" data-end=\"936\">Envie de prolonger le plaisir ? Nos recharges vous permettent de profiter de l&rsquo;\u00e9t\u00e9 sans jamais vous quitter.  <\/p>\n<p data-start=\"1019\" data-end=\"1064\"><strong data-start=\"1019\" data-end=\"1047\">Dimensions de la bouteille en verre :<\/strong> 6 x 6 x 11,5 cm<\/p>\n","protected":false},"featured_media":2595,"comment_status":"closed","ping_status":"closed","template":"","meta":{"_acf_changed":false,"_et_pb_use_builder":"off","_et_pb_old_content":"","_et_gb_content_width":""},"product_brand":[],"product_cat":[102],"product_tag":[],"class_list":{"0":"post-2601","1":"product","2":"type-product","3":"status-publish","4":"has-post-thumbnail","6":"product_cat-fragranze","8":"first","9":"instock","10":"shipping-taxable","11":"purchasable","12":"product-type-simple"},"acf":[],"yoast_head":"<!-- This site is optimized with the Yoast SEO plugin v27.5 - https:\/\/yoast.com\/product\/yoast-seo-wordpress\/ -->\n<title>Home fragrance Zagaro - design III - 100 ml - Bongiorno<\/title>\n<meta name=\"robots\" content=\"index, follow, max-snippet:-1, max-image-preview:large, max-video-preview:-1\" \/>\n<link rel=\"canonical\" href=\"https:\/\/bongiorno.eu\/fr\/produit\/home-fragrance-zagaro-design-iii-100-ml\/\" \/>\n<meta property=\"og:locale\" content=\"fr_FR\" \/>\n<meta property=\"og:type\" content=\"article\" \/>\n<meta property=\"og:title\" content=\"Home fragrance Zagaro - design III - 100 ml - Bongiorno\" \/>\n<meta property=\"og:description\" content=\"Bongiorno en bouteille Zagaro est plus qu&#039;un parfum, c&#039;est un souvenir. Celui des douces soir\u00e9es d&#039;\u00e9t\u00e9 sur une terrasse sicilienne, entour\u00e9e d&#039;orangers et de citronniers en fleurs. L\u00e9ger, frais et irr\u00e9sistible. Une seule inspiration suffit pour vous transporter sous le soleil du sud de l&#039;Italie, berc\u00e9 par le murmure du cr\u00e9puscule. \u00c0 l&#039;image de nos liqueurs, ce parfum est n\u00e9 d&#039;un amour profond pour l&#039;Italie. Pour ses couleurs, ses senteurs, pour la vie elle-m\u00eame.   Zagaro n&#039;est pas un parfum d&#039;int\u00e9rieur ordinaire, mais une petite touche de vacances au quotidien. Chaque flacon de parfum est orn\u00e9 d&#039;un bouchon peint \u00e0 la main, confectionn\u00e9 dans un atelier sicilien. Pr\u00e9sent\u00e9 dans un \u00e9l\u00e9gant coffret cadeau, il contient 6 b\u00e2tonnets noirs.Envie de prolonger le plaisir ? Nos recharges vous permettent de profiter de l&#039;\u00e9t\u00e9 sans jamais vous quitter.  Dimensions de la bouteille en verre : 6 x 6 x 11,5 cm\" \/>\n<meta property=\"og:url\" content=\"https:\/\/bongiorno.eu\/fr\/produit\/home-fragrance-zagaro-design-iii-100-ml\/\" \/>\n<meta property=\"og:site_name\" content=\"Bongiorno\" \/>\n<meta property=\"article:publisher\" content=\"https:\/\/www.facebook.com\/bongiornobv\" \/>\n<meta property=\"article:modified_time\" content=\"2025-11-19T08:39:48+00:00\" \/>\n<meta property=\"og:image\" content=\"https:\/\/bongiorno.eu\/wp-content\/uploads\/2025\/11\/8.png\" \/>\n\t<meta property=\"og:image:width\" content=\"1080\" \/>\n\t<meta property=\"og:image:height\" content=\"1440\" \/>\n\t<meta property=\"og:image:type\" content=\"image\/png\" \/>\n<meta name=\"twitter:card\" content=\"summary_large_image\" \/>\n<meta name=\"twitter:site\" content=\"@Bongiorno_\" \/>\n<script type=\"application\/ld+json\" class=\"yoast-schema-graph\">{\"@context\":\"https:\\\/\\\/schema.org\",\"@graph\":[{\"@type\":\"WebPage\",\"@id\":\"https:\\\/\\\/bongiorno.eu\\\/fr\\\/produit\\\/home-fragrance-zagaro-design-iii-100-ml\\\/\",\"url\":\"https:\\\/\\\/bongiorno.eu\\\/fr\\\/produit\\\/home-fragrance-zagaro-design-iii-100-ml\\\/\",\"name\":\"Home fragrance Zagaro - design III - 100 ml - Bongiorno\",\"isPartOf\":{\"@id\":\"https:\\\/\\\/bongiorno.eu\\\/fr\\\/#website\"},\"primaryImageOfPage\":{\"@id\":\"https:\\\/\\\/bongiorno.eu\\\/fr\\\/produit\\\/home-fragrance-zagaro-design-iii-100-ml\\\/#primaryimage\"},\"image\":{\"@id\":\"https:\\\/\\\/bongiorno.eu\\\/fr\\\/produit\\\/home-fragrance-zagaro-design-iii-100-ml\\\/#primaryimage\"},\"thumbnailUrl\":\"https:\\\/\\\/bongiorno.eu\\\/wp-content\\\/uploads\\\/2025\\\/11\\\/8.png\",\"datePublished\":\"2025-11-06T11:53:15+00:00\",\"dateModified\":\"2025-11-19T08:39:48+00:00\",\"breadcrumb\":{\"@id\":\"https:\\\/\\\/bongiorno.eu\\\/fr\\\/produit\\\/home-fragrance-zagaro-design-iii-100-ml\\\/#breadcrumb\"},\"inLanguage\":\"fr-FR\",\"potentialAction\":[{\"@type\":\"ReadAction\",\"target\":[\"https:\\\/\\\/bongiorno.eu\\\/fr\\\/produit\\\/home-fragrance-zagaro-design-iii-100-ml\\\/\"]}]},{\"@type\":\"ImageObject\",\"inLanguage\":\"fr-FR\",\"@id\":\"https:\\\/\\\/bongiorno.eu\\\/fr\\\/produit\\\/home-fragrance-zagaro-design-iii-100-ml\\\/#primaryimage\",\"url\":\"https:\\\/\\\/bongiorno.eu\\\/wp-content\\\/uploads\\\/2025\\\/11\\\/8.png\",\"contentUrl\":\"https:\\\/\\\/bongiorno.eu\\\/wp-content\\\/uploads\\\/2025\\\/11\\\/8.png\",\"width\":1080,\"height\":1440},{\"@type\":\"BreadcrumbList\",\"@id\":\"https:\\\/\\\/bongiorno.eu\\\/fr\\\/produit\\\/home-fragrance-zagaro-design-iii-100-ml\\\/#breadcrumb\",\"itemListElement\":[{\"@type\":\"ListItem\",\"position\":1,\"name\":\"Home\",\"item\":\"https:\\\/\\\/bongiorno.eu\\\/fr\\\/accueil\\\/\"},{\"@type\":\"ListItem\",\"position\":2,\"name\":\"Webshop\",\"item\":\"https:\\\/\\\/bongiorno.eu\\\/fr\\\/boutique\\\/\"},{\"@type\":\"ListItem\",\"position\":3,\"name\":\"Home fragrance Zagaro &#8211; design III &#8211; 100 ml\"}]},{\"@type\":\"WebSite\",\"@id\":\"https:\\\/\\\/bongiorno.eu\\\/fr\\\/#website\",\"url\":\"https:\\\/\\\/bongiorno.eu\\\/fr\\\/\",\"name\":\"Bongiorno\",\"description\":\"\",\"publisher\":{\"@id\":\"https:\\\/\\\/bongiorno.eu\\\/fr\\\/#organization\"},\"potentialAction\":[{\"@type\":\"SearchAction\",\"target\":{\"@type\":\"EntryPoint\",\"urlTemplate\":\"https:\\\/\\\/bongiorno.eu\\\/fr\\\/?s={search_term_string}\"},\"query-input\":{\"@type\":\"PropertyValueSpecification\",\"valueRequired\":true,\"valueName\":\"search_term_string\"}}],\"inLanguage\":\"fr-FR\"},{\"@type\":\"Organization\",\"@id\":\"https:\\\/\\\/bongiorno.eu\\\/fr\\\/#organization\",\"name\":\"Bongiorno BV\",\"url\":\"https:\\\/\\\/bongiorno.eu\\\/fr\\\/\",\"logo\":{\"@type\":\"ImageObject\",\"inLanguage\":\"fr-FR\",\"@id\":\"https:\\\/\\\/bongiorno.eu\\\/fr\\\/#\\\/schema\\\/logo\\\/image\\\/\",\"url\":\"https:\\\/\\\/bongiorno.eu\\\/wp-content\\\/uploads\\\/2025\\\/09\\\/logo-bongiorno-blauw.png\",\"contentUrl\":\"https:\\\/\\\/bongiorno.eu\\\/wp-content\\\/uploads\\\/2025\\\/09\\\/logo-bongiorno-blauw.png\",\"width\":644,\"height\":144,\"caption\":\"Bongiorno BV\"},\"image\":{\"@id\":\"https:\\\/\\\/bongiorno.eu\\\/fr\\\/#\\\/schema\\\/logo\\\/image\\\/\"},\"sameAs\":[\"https:\\\/\\\/www.facebook.com\\\/bongiornobv\",\"https:\\\/\\\/x.com\\\/Bongiorno_\",\"https:\\\/\\\/www.instagram.com\\\/bongiorno.pure.italian.taste\\\/\",\"https:\\\/\\\/www.youtube.com\\\/channel\\\/UCb6I_3lDnFdUEO51ySXwkXw\"]}]}<\/script>\n<!-- \/ Yoast SEO plugin. -->","yoast_head_json":{"title":"Home fragrance Zagaro - design III - 100 ml - Bongiorno","robots":{"index":"index","follow":"follow","max-snippet":"max-snippet:-1","max-image-preview":"max-image-preview:large","max-video-preview":"max-video-preview:-1"},"canonical":"https:\/\/bongiorno.eu\/fr\/produit\/home-fragrance-zagaro-design-iii-100-ml\/","og_locale":"fr_FR","og_type":"article","og_title":"Home fragrance Zagaro - design III - 100 ml - Bongiorno","og_description":"Bongiorno en bouteille Zagaro est plus qu'un parfum, c'est un souvenir. Celui des douces soir\u00e9es d'\u00e9t\u00e9 sur une terrasse sicilienne, entour\u00e9e d'orangers et de citronniers en fleurs. L\u00e9ger, frais et irr\u00e9sistible. Une seule inspiration suffit pour vous transporter sous le soleil du sud de l'Italie, berc\u00e9 par le murmure du cr\u00e9puscule. \u00c0 l'image de nos liqueurs, ce parfum est n\u00e9 d'un amour profond pour l'Italie. Pour ses couleurs, ses senteurs, pour la vie elle-m\u00eame.   Zagaro n'est pas un parfum d'int\u00e9rieur ordinaire, mais une petite touche de vacances au quotidien. Chaque flacon de parfum est orn\u00e9 d'un bouchon peint \u00e0 la main, confectionn\u00e9 dans un atelier sicilien. Pr\u00e9sent\u00e9 dans un \u00e9l\u00e9gant coffret cadeau, il contient 6 b\u00e2tonnets noirs.Envie de prolonger le plaisir ? Nos recharges vous permettent de profiter de l'\u00e9t\u00e9 sans jamais vous quitter.  Dimensions de la bouteille en verre : 6 x 6 x 11,5 cm","og_url":"https:\/\/bongiorno.eu\/fr\/produit\/home-fragrance-zagaro-design-iii-100-ml\/","og_site_name":"Bongiorno","article_publisher":"https:\/\/www.facebook.com\/bongiornobv","article_modified_time":"2025-11-19T08:39:48+00:00","og_image":[{"width":1080,"height":1440,"url":"https:\/\/bongiorno.eu\/wp-content\/uploads\/2025\/11\/8.png","type":"image\/png"}],"twitter_card":"summary_large_image","twitter_site":"@Bongiorno_","schema":{"@context":"https:\/\/schema.org","@graph":[{"@type":"WebPage","@id":"https:\/\/bongiorno.eu\/fr\/produit\/home-fragrance-zagaro-design-iii-100-ml\/","url":"https:\/\/bongiorno.eu\/fr\/produit\/home-fragrance-zagaro-design-iii-100-ml\/","name":"Home fragrance Zagaro - design III - 100 ml - Bongiorno","isPartOf":{"@id":"https:\/\/bongiorno.eu\/fr\/#website"},"primaryImageOfPage":{"@id":"https:\/\/bongiorno.eu\/fr\/produit\/home-fragrance-zagaro-design-iii-100-ml\/#primaryimage"},"image":{"@id":"https:\/\/bongiorno.eu\/fr\/produit\/home-fragrance-zagaro-design-iii-100-ml\/#primaryimage"},"thumbnailUrl":"https:\/\/bongiorno.eu\/wp-content\/uploads\/2025\/11\/8.png","datePublished":"2025-11-06T11:53:15+00:00","dateModified":"2025-11-19T08:39:48+00:00","breadcrumb":{"@id":"https:\/\/bongiorno.eu\/fr\/produit\/home-fragrance-zagaro-design-iii-100-ml\/#breadcrumb"},"inLanguage":"fr-FR","potentialAction":[{"@type":"ReadAction","target":["https:\/\/bongiorno.eu\/fr\/produit\/home-fragrance-zagaro-design-iii-100-ml\/"]}]},{"@type":"ImageObject","inLanguage":"fr-FR","@id":"https:\/\/bongiorno.eu\/fr\/produit\/home-fragrance-zagaro-design-iii-100-ml\/#primaryimage","url":"https:\/\/bongiorno.eu\/wp-content\/uploads\/2025\/11\/8.png","contentUrl":"https:\/\/bongiorno.eu\/wp-content\/uploads\/2025\/11\/8.png","width":1080,"height":1440},{"@type":"BreadcrumbList","@id":"https:\/\/bongiorno.eu\/fr\/produit\/home-fragrance-zagaro-design-iii-100-ml\/#breadcrumb","itemListElement":[{"@type":"ListItem","position":1,"name":"Home","item":"https:\/\/bongiorno.eu\/fr\/accueil\/"},{"@type":"ListItem","position":2,"name":"Webshop","item":"https:\/\/bongiorno.eu\/fr\/boutique\/"},{"@type":"ListItem","position":3,"name":"Home fragrance Zagaro &#8211; design III &#8211; 100 ml"}]},{"@type":"WebSite","@id":"https:\/\/bongiorno.eu\/fr\/#website","url":"https:\/\/bongiorno.eu\/fr\/","name":"Bongiorno","description":"","publisher":{"@id":"https:\/\/bongiorno.eu\/fr\/#organization"},"potentialAction":[{"@type":"SearchAction","target":{"@type":"EntryPoint","urlTemplate":"https:\/\/bongiorno.eu\/fr\/?s={search_term_string}"},"query-input":{"@type":"PropertyValueSpecification","valueRequired":true,"valueName":"search_term_string"}}],"inLanguage":"fr-FR"},{"@type":"Organization","@id":"https:\/\/bongiorno.eu\/fr\/#organization","name":"Bongiorno BV","url":"https:\/\/bongiorno.eu\/fr\/","logo":{"@type":"ImageObject","inLanguage":"fr-FR","@id":"https:\/\/bongiorno.eu\/fr\/#\/schema\/logo\/image\/","url":"https:\/\/bongiorno.eu\/wp-content\/uploads\/2025\/09\/logo-bongiorno-blauw.png","contentUrl":"https:\/\/bongiorno.eu\/wp-content\/uploads\/2025\/09\/logo-bongiorno-blauw.png","width":644,"height":144,"caption":"Bongiorno BV"},"image":{"@id":"https:\/\/bongiorno.eu\/fr\/#\/schema\/logo\/image\/"},"sameAs":["https:\/\/www.facebook.com\/bongiornobv","https:\/\/x.com\/Bongiorno_","https:\/\/www.instagram.com\/bongiorno.pure.italian.taste\/","https:\/\/www.youtube.com\/channel\/UCb6I_3lDnFdUEO51ySXwkXw"]}]}},"_links":{"self":[{"href":"https:\/\/bongiorno.eu\/fr\/wp-json\/wp\/v2\/product\/2601","targetHints":{"allow":["GET"]}}],"collection":[{"href":"https:\/\/bongiorno.eu\/fr\/wp-json\/wp\/v2\/product"}],"about":[{"href":"https:\/\/bongiorno.eu\/fr\/wp-json\/wp\/v2\/types\/product"}],"replies":[{"embeddable":true,"href":"https:\/\/bongiorno.eu\/fr\/wp-json\/wp\/v2\/comments?post=2601"}],"wp:featuredmedia":[{"embeddable":true,"href":"https:\/\/bongiorno.eu\/fr\/wp-json\/wp\/v2\/media\/2595"}],"wp:attachment":[{"href":"https:\/\/bongiorno.eu\/fr\/wp-json\/wp\/v2\/media?parent=2601"}],"wp:term":[{"taxonomy":"product_brand","embeddable":true,"href":"https:\/\/bongiorno.eu\/fr\/wp-json\/wp\/v2\/product_brand?post=2601"},{"taxonomy":"product_cat","embeddable":true,"href":"https:\/\/bongiorno.eu\/fr\/wp-json\/wp\/v2\/product_cat?post=2601"},{"taxonomy":"product_tag","embeddable":true,"href":"https:\/\/bongiorno.eu\/fr\/wp-json\/wp\/v2\/product_tag?post=2601"}],"curies":[{"name":"wp","href":"https:\/\/api.w.org\/{rel}","templated":true}]}}