{"id":2674,"date":"2025-08-14T11:00:39","date_gmt":"2025-08-14T11:00:39","guid":{"rendered":"https:\/\/bongiorno.eu\/product\/verres-a-shot\/"},"modified":"2025-08-14T11:00:39","modified_gmt":"2025-08-14T09:00:39","slug":"verres-a-shot","status":"publish","type":"product","link":"https:\/\/bongiorno.eu\/fr\/produit\/verres-a-shot\/","title":{"rendered":"Verres \u00e0 shot"},"content":{"rendered":"","protected":false},"excerpt":{"rendered":"<p><strong>Petits verres, grand plaisir<\/strong><\/p>\n<p>Ce set <strong>de six verres <\/strong>\u00e0 shot est id\u00e9al pour des soir\u00e9es conviviales entre amis ou en famille. Chaque verre est orn\u00e9 du logo Bongiorno et apporte instantan\u00e9ment une touche m\u00e9diterran\u00e9enne \u00e0 votre table. <\/p>\n<p>Parfaits pour d\u00e9guster un limoncello, un Don Pepe ou tout autre shot de Bongiorno. Ils tiennent bien en main, sont robustes et ont un look tr\u00e8s sympa. <\/p>\n<p>Salute !<\/p>\n<p><strong>Afmetingen<\/strong>: 11 x 11 x 16 cm<br \/>\n<strong>Mat\u00e9riel<\/strong>: glas<\/p>\n","protected":false},"featured_media":2676,"comment_status":"closed","ping_status":"closed","template":"","meta":{"_acf_changed":false,"_et_pb_use_builder":"","_et_pb_old_content":"","_et_gb_content_width":""},"product_brand":[],"product_cat":[105],"product_tag":[],"class_list":{"0":"post-2674","1":"product","2":"type-product","3":"status-publish","4":"has-post-thumbnail","6":"product_cat-casa","8":"first","9":"instock","10":"shipping-taxable","11":"purchasable","12":"product-type-simple"},"acf":[],"yoast_head":"<!-- This site is optimized with the Yoast SEO plugin v27.5 - https:\/\/yoast.com\/product\/yoast-seo-wordpress\/ -->\n<title>Verres \u00e0 shot - Bongiorno<\/title>\n<meta name=\"robots\" content=\"index, follow, max-snippet:-1, max-image-preview:large, max-video-preview:-1\" \/>\n<link rel=\"canonical\" href=\"https:\/\/bongiorno.eu\/fr\/produit\/verres-a-shot\/\" \/>\n<meta property=\"og:locale\" content=\"fr_FR\" \/>\n<meta property=\"og:type\" content=\"article\" \/>\n<meta property=\"og:title\" content=\"Verres \u00e0 shot - Bongiorno\" \/>\n<meta property=\"og:description\" content=\"Petits verres, grand plaisir Ce set de six verres \u00e0 shot est id\u00e9al pour des soir\u00e9es conviviales entre amis ou en famille. Chaque verre est orn\u00e9 du logo Bongiorno et apporte instantan\u00e9ment une touche m\u00e9diterran\u00e9enne \u00e0 votre table.  Parfaits pour d\u00e9guster un limoncello, un Don Pepe ou tout autre shot de Bongiorno. Ils tiennent bien en main, sont robustes et ont un look tr\u00e8s sympa.  Salute ! Afmetingen: 11 x 11 x 16 cm Mat\u00e9riel: glas\" \/>\n<meta property=\"og:url\" content=\"https:\/\/bongiorno.eu\/fr\/produit\/verres-a-shot\/\" \/>\n<meta property=\"og:site_name\" content=\"Bongiorno\" \/>\n<meta property=\"article:publisher\" content=\"https:\/\/www.facebook.com\/bongiornobv\" \/>\n<meta property=\"og:image\" content=\"https:\/\/bongiorno.eu\/wp-content\/uploads\/2025\/08\/Bongiorno_cocktails-8.png\" \/>\n\t<meta property=\"og:image:width\" content=\"1080\" \/>\n\t<meta property=\"og:image:height\" content=\"1440\" \/>\n\t<meta property=\"og:image:type\" content=\"image\/png\" \/>\n<meta name=\"twitter:card\" content=\"summary_large_image\" \/>\n<meta name=\"twitter:site\" content=\"@Bongiorno_\" \/>\n<script type=\"application\/ld+json\" class=\"yoast-schema-graph\">{\"@context\":\"https:\\\/\\\/schema.org\",\"@graph\":[{\"@type\":\"WebPage\",\"@id\":\"https:\\\/\\\/bongiorno.eu\\\/fr\\\/produit\\\/verres-a-shot\\\/\",\"url\":\"https:\\\/\\\/bongiorno.eu\\\/fr\\\/produit\\\/verres-a-shot\\\/\",\"name\":\"Verres \u00e0 shot - Bongiorno\",\"isPartOf\":{\"@id\":\"https:\\\/\\\/bongiorno.eu\\\/fr\\\/#website\"},\"primaryImageOfPage\":{\"@id\":\"https:\\\/\\\/bongiorno.eu\\\/fr\\\/produit\\\/verres-a-shot\\\/#primaryimage\"},\"image\":{\"@id\":\"https:\\\/\\\/bongiorno.eu\\\/fr\\\/produit\\\/verres-a-shot\\\/#primaryimage\"},\"thumbnailUrl\":\"https:\\\/\\\/bongiorno.eu\\\/wp-content\\\/uploads\\\/2025\\\/08\\\/Bongiorno_cocktails-8.png\",\"datePublished\":\"2025-08-14T11:00:39+00:00\",\"breadcrumb\":{\"@id\":\"https:\\\/\\\/bongiorno.eu\\\/fr\\\/produit\\\/verres-a-shot\\\/#breadcrumb\"},\"inLanguage\":\"fr-FR\",\"potentialAction\":[{\"@type\":\"ReadAction\",\"target\":[\"https:\\\/\\\/bongiorno.eu\\\/fr\\\/produit\\\/verres-a-shot\\\/\"]}]},{\"@type\":\"ImageObject\",\"inLanguage\":\"fr-FR\",\"@id\":\"https:\\\/\\\/bongiorno.eu\\\/fr\\\/produit\\\/verres-a-shot\\\/#primaryimage\",\"url\":\"https:\\\/\\\/bongiorno.eu\\\/wp-content\\\/uploads\\\/2025\\\/08\\\/Bongiorno_cocktails-8.png\",\"contentUrl\":\"https:\\\/\\\/bongiorno.eu\\\/wp-content\\\/uploads\\\/2025\\\/08\\\/Bongiorno_cocktails-8.png\",\"width\":1080,\"height\":1440},{\"@type\":\"BreadcrumbList\",\"@id\":\"https:\\\/\\\/bongiorno.eu\\\/fr\\\/produit\\\/verres-a-shot\\\/#breadcrumb\",\"itemListElement\":[{\"@type\":\"ListItem\",\"position\":1,\"name\":\"Home\",\"item\":\"https:\\\/\\\/bongiorno.eu\\\/fr\\\/accueil\\\/\"},{\"@type\":\"ListItem\",\"position\":2,\"name\":\"Webshop\",\"item\":\"https:\\\/\\\/bongiorno.eu\\\/fr\\\/boutique\\\/\"},{\"@type\":\"ListItem\",\"position\":3,\"name\":\"Verres \u00e0 shot\"}]},{\"@type\":\"WebSite\",\"@id\":\"https:\\\/\\\/bongiorno.eu\\\/fr\\\/#website\",\"url\":\"https:\\\/\\\/bongiorno.eu\\\/fr\\\/\",\"name\":\"Bongiorno\",\"description\":\"\",\"publisher\":{\"@id\":\"https:\\\/\\\/bongiorno.eu\\\/fr\\\/#organization\"},\"potentialAction\":[{\"@type\":\"SearchAction\",\"target\":{\"@type\":\"EntryPoint\",\"urlTemplate\":\"https:\\\/\\\/bongiorno.eu\\\/fr\\\/?s={search_term_string}\"},\"query-input\":{\"@type\":\"PropertyValueSpecification\",\"valueRequired\":true,\"valueName\":\"search_term_string\"}}],\"inLanguage\":\"fr-FR\"},{\"@type\":\"Organization\",\"@id\":\"https:\\\/\\\/bongiorno.eu\\\/fr\\\/#organization\",\"name\":\"Bongiorno BV\",\"url\":\"https:\\\/\\\/bongiorno.eu\\\/fr\\\/\",\"logo\":{\"@type\":\"ImageObject\",\"inLanguage\":\"fr-FR\",\"@id\":\"https:\\\/\\\/bongiorno.eu\\\/fr\\\/#\\\/schema\\\/logo\\\/image\\\/\",\"url\":\"https:\\\/\\\/bongiorno.eu\\\/wp-content\\\/uploads\\\/2025\\\/09\\\/logo-bongiorno-blauw.png\",\"contentUrl\":\"https:\\\/\\\/bongiorno.eu\\\/wp-content\\\/uploads\\\/2025\\\/09\\\/logo-bongiorno-blauw.png\",\"width\":644,\"height\":144,\"caption\":\"Bongiorno BV\"},\"image\":{\"@id\":\"https:\\\/\\\/bongiorno.eu\\\/fr\\\/#\\\/schema\\\/logo\\\/image\\\/\"},\"sameAs\":[\"https:\\\/\\\/www.facebook.com\\\/bongiornobv\",\"https:\\\/\\\/x.com\\\/Bongiorno_\",\"https:\\\/\\\/www.instagram.com\\\/bongiorno.pure.italian.taste\\\/\",\"https:\\\/\\\/www.youtube.com\\\/channel\\\/UCb6I_3lDnFdUEO51ySXwkXw\"]}]}<\/script>\n<!-- \/ Yoast SEO plugin. -->","yoast_head_json":{"title":"Verres \u00e0 shot - Bongiorno","robots":{"index":"index","follow":"follow","max-snippet":"max-snippet:-1","max-image-preview":"max-image-preview:large","max-video-preview":"max-video-preview:-1"},"canonical":"https:\/\/bongiorno.eu\/fr\/produit\/verres-a-shot\/","og_locale":"fr_FR","og_type":"article","og_title":"Verres \u00e0 shot - Bongiorno","og_description":"Petits verres, grand plaisir Ce set de six verres \u00e0 shot est id\u00e9al pour des soir\u00e9es conviviales entre amis ou en famille. Chaque verre est orn\u00e9 du logo Bongiorno et apporte instantan\u00e9ment une touche m\u00e9diterran\u00e9enne \u00e0 votre table.  Parfaits pour d\u00e9guster un limoncello, un Don Pepe ou tout autre shot de Bongiorno. Ils tiennent bien en main, sont robustes et ont un look tr\u00e8s sympa.  Salute ! Afmetingen: 11 x 11 x 16 cm Mat\u00e9riel: glas","og_url":"https:\/\/bongiorno.eu\/fr\/produit\/verres-a-shot\/","og_site_name":"Bongiorno","article_publisher":"https:\/\/www.facebook.com\/bongiornobv","og_image":[{"width":1080,"height":1440,"url":"https:\/\/bongiorno.eu\/wp-content\/uploads\/2025\/08\/Bongiorno_cocktails-8.png","type":"image\/png"}],"twitter_card":"summary_large_image","twitter_site":"@Bongiorno_","schema":{"@context":"https:\/\/schema.org","@graph":[{"@type":"WebPage","@id":"https:\/\/bongiorno.eu\/fr\/produit\/verres-a-shot\/","url":"https:\/\/bongiorno.eu\/fr\/produit\/verres-a-shot\/","name":"Verres \u00e0 shot - Bongiorno","isPartOf":{"@id":"https:\/\/bongiorno.eu\/fr\/#website"},"primaryImageOfPage":{"@id":"https:\/\/bongiorno.eu\/fr\/produit\/verres-a-shot\/#primaryimage"},"image":{"@id":"https:\/\/bongiorno.eu\/fr\/produit\/verres-a-shot\/#primaryimage"},"thumbnailUrl":"https:\/\/bongiorno.eu\/wp-content\/uploads\/2025\/08\/Bongiorno_cocktails-8.png","datePublished":"2025-08-14T11:00:39+00:00","breadcrumb":{"@id":"https:\/\/bongiorno.eu\/fr\/produit\/verres-a-shot\/#breadcrumb"},"inLanguage":"fr-FR","potentialAction":[{"@type":"ReadAction","target":["https:\/\/bongiorno.eu\/fr\/produit\/verres-a-shot\/"]}]},{"@type":"ImageObject","inLanguage":"fr-FR","@id":"https:\/\/bongiorno.eu\/fr\/produit\/verres-a-shot\/#primaryimage","url":"https:\/\/bongiorno.eu\/wp-content\/uploads\/2025\/08\/Bongiorno_cocktails-8.png","contentUrl":"https:\/\/bongiorno.eu\/wp-content\/uploads\/2025\/08\/Bongiorno_cocktails-8.png","width":1080,"height":1440},{"@type":"BreadcrumbList","@id":"https:\/\/bongiorno.eu\/fr\/produit\/verres-a-shot\/#breadcrumb","itemListElement":[{"@type":"ListItem","position":1,"name":"Home","item":"https:\/\/bongiorno.eu\/fr\/accueil\/"},{"@type":"ListItem","position":2,"name":"Webshop","item":"https:\/\/bongiorno.eu\/fr\/boutique\/"},{"@type":"ListItem","position":3,"name":"Verres \u00e0 shot"}]},{"@type":"WebSite","@id":"https:\/\/bongiorno.eu\/fr\/#website","url":"https:\/\/bongiorno.eu\/fr\/","name":"Bongiorno","description":"","publisher":{"@id":"https:\/\/bongiorno.eu\/fr\/#organization"},"potentialAction":[{"@type":"SearchAction","target":{"@type":"EntryPoint","urlTemplate":"https:\/\/bongiorno.eu\/fr\/?s={search_term_string}"},"query-input":{"@type":"PropertyValueSpecification","valueRequired":true,"valueName":"search_term_string"}}],"inLanguage":"fr-FR"},{"@type":"Organization","@id":"https:\/\/bongiorno.eu\/fr\/#organization","name":"Bongiorno BV","url":"https:\/\/bongiorno.eu\/fr\/","logo":{"@type":"ImageObject","inLanguage":"fr-FR","@id":"https:\/\/bongiorno.eu\/fr\/#\/schema\/logo\/image\/","url":"https:\/\/bongiorno.eu\/wp-content\/uploads\/2025\/09\/logo-bongiorno-blauw.png","contentUrl":"https:\/\/bongiorno.eu\/wp-content\/uploads\/2025\/09\/logo-bongiorno-blauw.png","width":644,"height":144,"caption":"Bongiorno BV"},"image":{"@id":"https:\/\/bongiorno.eu\/fr\/#\/schema\/logo\/image\/"},"sameAs":["https:\/\/www.facebook.com\/bongiornobv","https:\/\/x.com\/Bongiorno_","https:\/\/www.instagram.com\/bongiorno.pure.italian.taste\/","https:\/\/www.youtube.com\/channel\/UCb6I_3lDnFdUEO51ySXwkXw"]}]}},"_links":{"self":[{"href":"https:\/\/bongiorno.eu\/fr\/wp-json\/wp\/v2\/product\/2674","targetHints":{"allow":["GET"]}}],"collection":[{"href":"https:\/\/bongiorno.eu\/fr\/wp-json\/wp\/v2\/product"}],"about":[{"href":"https:\/\/bongiorno.eu\/fr\/wp-json\/wp\/v2\/types\/product"}],"replies":[{"embeddable":true,"href":"https:\/\/bongiorno.eu\/fr\/wp-json\/wp\/v2\/comments?post=2674"}],"wp:featuredmedia":[{"embeddable":true,"href":"https:\/\/bongiorno.eu\/fr\/wp-json\/wp\/v2\/media\/2676"}],"wp:attachment":[{"href":"https:\/\/bongiorno.eu\/fr\/wp-json\/wp\/v2\/media?parent=2674"}],"wp:term":[{"taxonomy":"product_brand","embeddable":true,"href":"https:\/\/bongiorno.eu\/fr\/wp-json\/wp\/v2\/product_brand?post=2674"},{"taxonomy":"product_cat","embeddable":true,"href":"https:\/\/bongiorno.eu\/fr\/wp-json\/wp\/v2\/product_cat?post=2674"},{"taxonomy":"product_tag","embeddable":true,"href":"https:\/\/bongiorno.eu\/fr\/wp-json\/wp\/v2\/product_tag?post=2674"}],"curies":[{"name":"wp","href":"https:\/\/api.w.org\/{rel}","templated":true}]}}